{"id":7344,"date":"2024-03-12T14:09:21","date_gmt":"2024-03-12T13:09:21","guid":{"rendered":"https:\/\/www.expertservicecar.com\/politica-de-privacidade\/"},"modified":"2024-03-12T14:09:22","modified_gmt":"2024-03-12T13:09:22","slug":"politica-de-privacidade","status":"publish","type":"page","link":"https:\/\/www.expertservicecar.com\/pt-pt\/politica-de-privacidade\/","title":{"rendered":"Pol\u00edtica de privacidade"},"content":{"rendered":"\t\t<div data-elementor-type=\"wp-page\" data-elementor-id=\"7344\" class=\"elementor elementor-7344 elementor-3\" data-elementor-post-type=\"page\">\n\t\t\t\t\t\t<section class=\"elementor-section elementor-top-section elementor-element elementor-element-2bdbf1e elementor-section-boxed elementor-section-height-default elementor-section-height-default\" data-id=\"2bdbf1e\" data-element_type=\"section\" data-e-type=\"section\">\n\t\t\t\t\t\t<div class=\"elementor-container elementor-column-gap-default\">\n\t\t\t\t\t<div class=\"elementor-column elementor-col-100 elementor-top-column elementor-element elementor-element-ae94d11\" data-id=\"ae94d11\" data-element_type=\"column\" data-e-type=\"column\">\n\t\t\t<div class=\"elementor-widget-wrap elementor-element-populated\">\n\t\t\t\t\t\t<div class=\"elementor-element elementor-element-857eba1 elementor-widget elementor-widget-shortcode\" data-id=\"857eba1\" data-element_type=\"widget\" data-e-type=\"widget\" data-widget_type=\"shortcode.default\">\n\t\t\t\t<div class=\"elementor-widget-container\">\n\t\t\t\t\t\t\t<div class=\"elementor-shortcode\"><h2>Pol\u00edtica de privacidad<\/h2>\n<p><strong>AD PARTS S.L.<\/strong>\u00a0(en adelante el \u201cPrestador\u201d) con NIF B17228081, y con domicilio a estos efectos en Pol. Ind. Girona \u2013 Av. Mas Vil\u00e0, 139-147, de Riudellots de la Selva, 17457, es el titular del sitio web\u00a0<strong>www.expertservicecar.com<\/strong> (en adelante, \u201cel portal o sitio web\u201d), cumple con las directrices de la normativa vigente en materia de protecci\u00f3n de datos personales, el Reglamento (UE) 2016\/679 de 27 de abril de 2016 (RGPD), relativo a la protecci\u00f3n de las personas f\u00edsicas en cuanto al tratamiento de datos personales y a la libre circulaci\u00f3n de estos datos.<\/p>\n<p>El Usuario es el \u00fanico responsable de la veracidad y correcci\u00f3n de los datos que remita al Prestador, exonerando al Prestador de cualquier responsabilidad al respeto.<\/p>\n<p>El Prestador informa que los datos que el Usuario voluntariamente est\u00e1 facilitando ser\u00e1n incorporados a sus sistemas de informaci\u00f3n con la siguiente finalidad:<\/p>\n<ul>\n<li>En caso de contrataci\u00f3n de los bienes y\/o servicios ofertados a trav\u00e9s del Sitio Web, para mantener la relaci\u00f3n contractual, as\u00ed como la gesti\u00f3n, administraci\u00f3n, informaci\u00f3n, prestaci\u00f3n y mejora del servicio ofrecido;<\/li>\n<li>En el caso de solicitud de informaci\u00f3n mediante los formularios del sitio web, para enviar informaci\u00f3n sobre la consulta realizada;<\/li>\n<li>En el caso de suscripci\u00f3n, para remitir boletines (<em>newsletters)<\/em>, as\u00ed como comunicaciones comerciales de promociones y\/o publicidad del Sitio Web.<\/li>\n<li>En el caso de comentarios en el blog, para gestionar y publicar dichos comentarios, de forma p\u00fablica, en el portal web.<\/li>\n<li>En el caso de testimonios, para gestionar y publicar dichos testimonios, de forma p\u00fablica, en el portal web.<\/li>\n<\/ul>\n<p>El Usuario, puede oponerse al env\u00edo de comunicaciones comerciales por cualquier v\u00eda y en cualquier momento, remitiendo un correo electr\u00f3nico a la direcci\u00f3n de correo electr\u00f3nico indicada m\u00e1s adelante.<\/p>\n<p>Mediante la introducci\u00f3n de los datos, el Usuario otorga el consentimiento inequ\u00edvoco al Prestador, declarando haber sido informado de las condiciones sobre protecci\u00f3n de datos de car\u00e1cter personal, aceptando y consintiendo el tratamiento automatizado de los mismos, para que proceda al tratamiento de los datos facilitados en pro de las finalidades mencionadas. El no facilitar los datos personales solicitados o el no aceptar la presente pol\u00edtica de protecci\u00f3n de datos supone la imposibilidad de subscribirse, registrarse o recibir informaci\u00f3n de los productos y servicios del Prestador.<\/p>\n<p>El Prestador informa que no ceder\u00e1 los datos personales a terceros, excepto por obligaci\u00f3n legal. Sin embargo, en el caso de ser cedidos a alg\u00fan tercero se producir\u00eda una informaci\u00f3n previa solicitando el consentimiento expreso para tal cesi\u00f3n. La entidad responsable de la base de datos, hosting, as\u00ed como los que intervengan en cualquier fase del tratamiento y\/o las entidades a quienes se los haya comunicado, est\u00e1n obligadas a observar el secreto profesional y a la adopci\u00f3n de los niveles de protecci\u00f3n y las medidas t\u00e9cnicas y organizativas necesarias a su alcance para garantizar la seguridad de los datos de car\u00e1cter personal. Como encargados de tratamiento, el Prestador tiene contratados los siguientes proveedores de servicios, que se han comprometido al cumplimiento de las disposiciones normativas de aplicaci\u00f3n en materia de protecci\u00f3n de datos, en el momento de su contrataci\u00f3n:<\/p>\n<ul>\n<li>Sendinblue proporciona los servicios para campa\u00f1as de marketing. Pol\u00edtica de privacidad y dem\u00e1s aspectos legales de dicha compa\u00f1\u00eda en el siguiente enlace:\u00a0<a href=\"https:\/\/www.sendinblue.com\/gdpr\/\" rel=\"nofollow noopener\" target=\"_blank\">https:\/\/www.sendinblue.com\/gdpr\/<\/a><\/li>\n<li>Google LLC, con domicilio en 1600 Amphitheatre Parkway, 94043, Mountain View (California), Estados Unidos, que presta los servicios de GSuite, consistentes en servicios de computaci\u00f3n en la nube y de correo electr\u00f3nico. Pol\u00edtica de privacidad y dem\u00e1s aspectos legales de dicha compa\u00f1\u00eda en el siguiente enlace:\u00a0<a href=\"https:\/\/www.google.com\/intl\/es\/policies\/privacy\/\" rel=\"nofollow noopener\" target=\"_blank\">https:\/\/www.google.com\/intl\/es\/policies\/privacy\/<\/a><\/li>\n<\/ul>\n<p>El Prestador garantiza en todo caso al Usuario el ejercicio de los derechos de acceso, rectificaci\u00f3n, cancelaci\u00f3n, informaci\u00f3n y oposici\u00f3n, limitaci\u00f3n y portabilidad, en los t\u00e9rminos dispuestos en la legislaci\u00f3n vigente. Por ello, podr\u00e1 ejercer sus derechos remitiendo una solicitud expresa a la direcci\u00f3n postal indicada en el encabezamiento y\/o enviando un correo electr\u00f3nico a\u00a0info@expertservicecar.com, indicando en el asunto: Derechos ARCO, y adjuntando fotocopia de su DNI. A su vez, el Usuario, tiene derecho a retirar el consentimiento prestado en cualquier momento. La retirada del consentimiento no afectar\u00e1 a la licitud del tratamiento efectuado antes de la retirada del consentimiento. Tambi\u00e9n tiene derecho a presentar una reclamaci\u00f3n ante la autoridad de control si considera que pueden haberse visto vulnerados sus derechos en relaci\u00f3n a la protecci\u00f3n de sus datos ante la Agencia Espa\u00f1ola de Protecci\u00f3n de Datos (AEPD), en la calle Jorge Juan, 6, 28001-Madrid o a trav\u00e9s de la sede electr\u00f3nica de la AEPD:\u00a0<a href=\"https:\/\/sedeagpd.gob.es\/sede-electronica-web\/\" rel=\"nofollow noopener\" target=\"_blank\">https:\/\/sedeagpd.gob.es\/sede-electronica-web\/<\/a>.<\/p>\n<p>Los datos facilitados por el Usuario, se conservar\u00e1n mientras haya un inter\u00e9s mutuo para mantener el fin del tratamiento y durante el plazo por el cu\u00e1l pudieran derivase responsabilidades legales por los servicios prestados. Cuando ya no sea necesario para tal fin, se suprimir\u00e1n con medidas de seguridad adecuadas para garantizar la seudonimizaci\u00f3n de los datos o destrucci\u00f3n total de los mismos. El Prestador se reserva el derecho a modificar la presente pol\u00edtica para adaptarla a novedades legislativas o jurisprudenciales.<\/p>\n<p>El Usuario, para cualquier aspecto relacionado con esta pol\u00edtica de privacidad, puede ponerse en contacto con el Prestador en la direcci\u00f3n de correo electr\u00f3nico:\u00a0info@expertservicecar.com.<\/p>\n<p style=\"text-align: right\"><strong>Fecha de la \u00faltima actualizaci\u00f3n: 18 de junio de 2021.<\/strong><\/p>\n<p>&nbsp;<\/p>\n<\/div>\n\t\t\t\t\t\t<\/div>\n\t\t\t\t<\/div>\n\t\t\t\t\t<\/div>\n\t\t<\/div>\n\t\t\t\t\t<\/div>\n\t\t<\/section>\n\t\t\t\t<\/div>\n\t\t","protected":false},"excerpt":{"rendered":"","protected":false},"author":45,"featured_media":0,"parent":0,"menu_order":0,"comment_status":"closed","ping_status":"open","template":"","meta":{"_acf_changed":false,"_jet_sm_ready_style":"","_jet_sm_style":"","_jet_sm_controls_values":"","_jet_sm_fonts_collection":"","_jet_sm_fonts_links":"","footnotes":""},"class_list":["post-7344","page","type-page","status-publish","hentry"],"acf":[],"_links":{"self":[{"href":"https:\/\/www.expertservicecar.com\/pt-pt\/wp-json\/wp\/v2\/pages\/7344","targetHints":{"allow":["GET"]}}],"collection":[{"href":"https:\/\/www.expertservicecar.com\/pt-pt\/wp-json\/wp\/v2\/pages"}],"about":[{"href":"https:\/\/www.expertservicecar.com\/pt-pt\/wp-json\/wp\/v2\/types\/page"}],"author":[{"embeddable":true,"href":"https:\/\/www.expertservicecar.com\/pt-pt\/wp-json\/wp\/v2\/users\/45"}],"replies":[{"embeddable":true,"href":"https:\/\/www.expertservicecar.com\/pt-pt\/wp-json\/wp\/v2\/comments?post=7344"}],"version-history":[{"count":1,"href":"https:\/\/www.expertservicecar.com\/pt-pt\/wp-json\/wp\/v2\/pages\/7344\/revisions"}],"predecessor-version":[{"id":7345,"href":"https:\/\/www.expertservicecar.com\/pt-pt\/wp-json\/wp\/v2\/pages\/7344\/revisions\/7345"}],"wp:attachment":[{"href":"https:\/\/www.expertservicecar.com\/pt-pt\/wp-json\/wp\/v2\/media?parent=7344"}],"curies":[{"name":"wp","href":"https:\/\/api.w.org\/{rel}","templated":true}]}}