{"id":7563,"date":"2024-05-21T09:25:59","date_gmt":"2024-05-21T07:25:59","guid":{"rendered":"https:\/\/www.expertservicecar.com\/legal-notice\/"},"modified":"2024-05-21T09:26:00","modified_gmt":"2024-05-21T07:26:00","slug":"legal-notice","status":"publish","type":"page","link":"https:\/\/www.expertservicecar.com\/en\/legal-notice\/","title":{"rendered":"Legal Notice"},"content":{"rendered":"\t\t<div data-elementor-type=\"wp-page\" data-elementor-id=\"7563\" class=\"elementor elementor-7563 elementor-1674\" data-elementor-post-type=\"page\">\n\t\t\t\t\t\t<section class=\"elementor-section elementor-top-section elementor-element elementor-element-dc0a6be elementor-section-boxed elementor-section-height-default elementor-section-height-default\" data-id=\"dc0a6be\" data-element_type=\"section\" data-e-type=\"section\">\n\t\t\t\t\t\t<div class=\"elementor-container elementor-column-gap-default\">\n\t\t\t\t\t<div class=\"elementor-column elementor-col-100 elementor-top-column elementor-element elementor-element-e548c06\" data-id=\"e548c06\" data-element_type=\"column\" data-e-type=\"column\">\n\t\t\t<div class=\"elementor-widget-wrap elementor-element-populated\">\n\t\t\t\t\t\t<div class=\"elementor-element elementor-element-39e3c2c elementor-widget elementor-widget-shortcode\" data-id=\"39e3c2c\" data-element_type=\"widget\" data-e-type=\"widget\" data-widget_type=\"shortcode.default\">\n\t\t\t\t<div class=\"elementor-widget-container\">\n\t\t\t\t\t\t\t<div class=\"elementor-shortcode\"><h2>Aviso Legal<\/h2>\n<ol>\n<li><strong>DATOS IDENTIFICATIVOS<\/strong>: En cumplimiento con el deber de informaci\u00f3n recogido en art\u00edculo 10 de la Ley 34\/2002, de 11 de julio, de Servicios de la Sociedad de la Informaci\u00f3n y del Comercio Electr\u00f3nico, a continuaci\u00f3n se reflejan los siguientes datos: <strong>AD PARTS S.L.<\/strong> (en adelante el \u201cPrestador\u201d) con NIF B17228081, y con domicilio a estos efectos en Pol. Ind. Girona \u2013 Av. Mas Vil\u00e0, 139-147, de Riudellots de la Selva, 17457, es el titular del sitio web www.expertservicecar.com (en adelante, \u201cel portal o sitio web\u201d), y la direcci\u00f3n de correo electr\u00f3nico de contacto es: <a href=\"mailto:info@expertservicecar.com\">info@expertservicecar.com<\/a>.<\/li>\n<li><strong>USUARIOS:<\/strong> La utilizaci\u00f3n del presente portal es absolutamente voluntaria y supone la aceptaci\u00f3n plena por quien accede al mismo, en adelante \u201cUsuario\u201d, de todas las condiciones de uso vigentes en cada momento que se encuentren en la presente direcci\u00f3n. El Prestador se reserva el derecho a retirar el acceso a la presente p\u00e1gina web, sin necesidad de previo aviso, a cualquier Usuario que contravenga lo dispuesto en estas condiciones de uso. El Usuario tendr\u00e1 la responsabilidad de leer atentamente las presentes condiciones. Las citadas condiciones ser\u00e1n de aplicaci\u00f3n independientemente de las condiciones generales de contrataci\u00f3n que en su caso resulten de obligado cumplimiento.<\/li>\n<li><strong>USO DEL PORTAL: <\/strong>expertservicecar.com proporciona el acceso a multitud de informaciones, servicios, programas o datos (en adelante, \"los contenidos\") en Internet pertenecientes al Prestador. El Usuario asume la responsabilidad del uso del portal. El Usuario se compromete a hacer un uso adecuado de los contenidos y servicios con car\u00e1cter enunciativo pero no limitativo, a no emplearlos para (i) incurrir en actividades il\u00edcitas, ilegales o contrarias a la buena fe y al orden p\u00fablico; (ii) difundir contenidos o propaganda de car\u00e1cter racista, xen\u00f3fobo, pornogr\u00e1fico-ilegal, de apolog\u00eda del terrorismo o atentatorio contra los derechos humanos; (iii) intentar acceder y, en su caso, utilizar las cuentas de correo electr\u00f3nico de otros usuarios y modificarlo manipular sus mensajes. El Prestador se reserva el derecho de retirar todos aquellos comentarios y aportaciones que vulneren el respeto a la dignidad de la persona, que sean discriminatorios, racistas, que atenten contra la juventud o la infancia, el orden o la seguridad p\u00fablica o que, a su juicio, no resultaran adecuados para su publicaci\u00f3n.<\/li>\n<li><strong>POL\u00cdTICA DE PRIVACIDAD: <\/strong>El Prestador cumple con las directrices de la normativa vigente en materia de protecci\u00f3n de datos personales, el Reglamento (UE) 2016\/679 de 27 de abril de 2016 (RGPD), relativo a la protecci\u00f3n de las personas f\u00edsicas en cuanto al tratamiento de datos personales y a la libre circulaci\u00f3n de estos datos. Para m\u00e1s informaci\u00f3n, ver Pol\u00edtica de Privacidad<\/li>\n<li><strong>PROPIEDAD INTELECTUAL E INDUSTRIAL: <\/strong>Los contenidos del sitio web, incluyendo entre otros las im\u00e1genes y los textos de los art\u00edculos, cualquiera que sea su formato, son propiedad del Prestador, y est\u00e1n protegidos por las leyes y tratados internacionales en materia de propiedad intelectual. En este sentido, queda expresamente prohibido copiar, reproducir, vender, transmitir, distribuir, republicar, modificar o mostrar para su uso comercial sin el previo consentimiento del Prestador. El Usuario se compromete a respetar los derechos de Propiedad Intelectual e Industrial titularidad del Prestador. Podr\u00e1 visualizar los elementos del portal e incluso imprimirlos, copiarlos y almacenarlos en el disco duro de su ordenador o en cualquier otro soporte f\u00edsico siempre y cuando sea, \u00fanica y exclusivamente, para su uso personal y privado.<\/li>\n<li><strong>EXCLUSI\u00d3N DE GARANT\u00cdAS Y RESPONSABILIDAD: <\/strong>El Prestador no se hace responsable, en ning\u00fan caso, de los da\u00f1os y perjuicios de cualquier naturaleza que pudieran ocasionar, a t\u00edtulo enunciativo: errores u omisiones en los contenidos, falta de disponibilidad del portal o la transmisi\u00f3n de virus o programas maliciosos o lesivos en los contenidos, a pesar de haber adoptado todas las medidas tecnol\u00f3gicas necesarias para evitarlo. Los contenidos de este sitio web se ofrecen con una finalidad informativa y divulgativa. El Prestador se exime de cualquier responsabilidad, directa o indirecta, que pudiera derivarse del uso o aplicaci\u00f3n de la informaci\u00f3n de esta web fuera de sus prop\u00f3sitos.<\/li>\n<li><strong>COOKIES:<\/strong> El sitio web del Prestador utiliza cookies (peque\u00f1os archivos de informaci\u00f3n que el servidor env\u00eda al ordenador de quien accede en la p\u00e1gina) para llevar a cabo determinadas funciones que son consideradas imprescindibles para el correcto funcionamiento y visualizaci\u00f3n del lugar.<\/li>\n<li><strong>MODIFICACIONES: <\/strong>El Prestador se reserva el derecho de efectuar sin previo aviso las modificaciones que considere oportunas en su portal, sin necesidad de previo aviso.<\/li>\n<li><strong>ENLACES:<\/strong> En ning\u00fan caso el Prestador asumir\u00e1 responsabilidad alguna por los contenidos de alg\u00fan enlace perteneciente a un sitio web ajeno, ni garantizar\u00e1 la disponibilidad t\u00e9cnica, calidad, fiabilidad, exactitud, amplitud, veracidad, validez y constitucionalidad de cualquier material o informaci\u00f3n contenida en este sitio web.<\/li>\n<li><strong>DERECHO DE EXCLUSI\u00d3N: <\/strong>El Prestador se reserva el derecho a denegar o retirar el acceso a portal y\/o los servicios ofrecidos sin necesidad de preaviso, a instancia propia o de un tercero, a aquellos Usuarios que incumplan el presente Aviso Legal.<\/li>\n<li><strong>GENERALIDADES: <\/strong>El Prestador perseguir\u00e1 el incumplimiento del presente Aviso Legal, as\u00ed como cualquier utilizaci\u00f3n indebida de su portal ejerciendo todas las acciones civiles y penales que le puedan corresponder en derecho.<\/li>\n<li><strong>MODIFICACI\u00d3N DE LAS PRESENTES CONDICIONES Y DURACI\u00d3N: <\/strong>El Prestador podr\u00e1 modificar en cualquier momento las condiciones aqu\u00ed determinadas, siendo debidamente publicadas como aqu\u00ed aparecen. La vigencia de las citadas condiciones ir\u00e1 en funci\u00f3n de su exposici\u00f3n y estar\u00e1n vigentes hasta que sean modificadas por otras debidamente publicadas.<\/li>\n<li><strong>LEGISLACI\u00d3N APLICABLE Y JURISDICCI\u00d3N:<\/strong> La relaci\u00f3n entre el Prestador y el Usuario se regir\u00e1 por la normativa espa\u00f1ola vigente y cualquier controversia se someter\u00e1 a los Juzgados y Tribunales de la ciudad de Madrid.<\/li>\n<\/ol>\n<\/div>\n\t\t\t\t\t\t<\/div>\n\t\t\t\t<\/div>\n\t\t\t\t\t<\/div>\n\t\t<\/div>\n\t\t\t\t\t<\/div>\n\t\t<\/section>\n\t\t\t\t<\/div>\n\t\t","protected":false},"excerpt":{"rendered":"","protected":false},"author":45,"featured_media":0,"parent":0,"menu_order":0,"comment_status":"closed","ping_status":"closed","template":"page-templates\/fullwidth-content.php","meta":{"_acf_changed":false,"_jet_sm_ready_style":"","_jet_sm_style":"","_jet_sm_controls_values":"","_jet_sm_fonts_collection":"","_jet_sm_fonts_links":"","footnotes":""},"class_list":["post-7563","page","type-page","status-publish","hentry"],"acf":[],"_links":{"self":[{"href":"https:\/\/www.expertservicecar.com\/en\/wp-json\/wp\/v2\/pages\/7563","targetHints":{"allow":["GET"]}}],"collection":[{"href":"https:\/\/www.expertservicecar.com\/en\/wp-json\/wp\/v2\/pages"}],"about":[{"href":"https:\/\/www.expertservicecar.com\/en\/wp-json\/wp\/v2\/types\/page"}],"author":[{"embeddable":true,"href":"https:\/\/www.expertservicecar.com\/en\/wp-json\/wp\/v2\/users\/45"}],"replies":[{"embeddable":true,"href":"https:\/\/www.expertservicecar.com\/en\/wp-json\/wp\/v2\/comments?post=7563"}],"version-history":[{"count":1,"href":"https:\/\/www.expertservicecar.com\/en\/wp-json\/wp\/v2\/pages\/7563\/revisions"}],"predecessor-version":[{"id":7564,"href":"https:\/\/www.expertservicecar.com\/en\/wp-json\/wp\/v2\/pages\/7563\/revisions\/7564"}],"wp:attachment":[{"href":"https:\/\/www.expertservicecar.com\/en\/wp-json\/wp\/v2\/media?parent=7563"}],"curies":[{"name":"wp","href":"https:\/\/api.w.org\/{rel}","templated":true}]}}